{"id":12804,"date":"2017-03-06T16:18:23","date_gmt":"2017-03-06T15:18:23","guid":{"rendered":"http:\/\/vinoversum.at.cloud3-vm432.de-nserver.de\/?page_id=12804"},"modified":"2026-02-17T16:50:36","modified_gmt":"2026-02-17T15:50:36","slug":"impressum","status":"publish","type":"page","link":"https:\/\/www.vinoversum.at\/de\/impressum\/","title":{"rendered":"Impressum"},"content":{"rendered":"<div class=\"wpb-content-wrapper\"><p>[vc_row][vc_column][vc_column_text css=&#8221;.vc_custom_1488813460733{margin-bottom: 20px !important;}&#8221;]<\/p>\n<h3>F\u00fcr den Inhalt verantwortlich<\/h3>\n<p>[\/vc_column_text][\/vc_column][\/vc_row][vc_row][vc_column][vc_column_text]<strong>Vino Versum Poysdorf Tourismus<\/strong><br \/>\nWeinstadt Poysdorf<br \/>\nWeinmarkt &amp; G\u00e4steinformation<\/p>\n<p>Josefsplatz 1<br \/>\n2170 Poysdorf, \u00d6sterreich<\/p>\n<p>Tel: <a href=\"tel:0043255220371\">+43 2552 20371<\/a><br \/>\nFax: +43 2552 20371 31<br \/>\nEmail: <a href=\"mailto:info@vinoversum.at\">info@vinoversum.at<\/a><\/p>\n<p>Bankverbindung: Volksbank Wien AG<br \/>\nIBAN: AT53 4300 0400 5021 0109<br \/>\nBIC: VBOEATWW<br \/>\nAufsichtsbeh\u00f6rde: Bezirkshauptmannschaft Mistelbach<\/p>\n<p>UID: ATU63729709<br \/>\nZVR: 224140451<br \/>\nDVR: 0024821<\/p>\n<p>Firmenbuchgericht: Landgericht Korneuburg<br \/>\nSitz des Medieninhabers und Herausgebers: Poysdorf<\/p>\n<p>Online-Streitbeilegung gem\u00e4\u00df Art. 14 Abs. 1 ODR-VO: Die Europ\u00e4ische Kommission stellt eine Plattform zur Online-Streitbeilegung (OS) unter <a href=\"https:\/\/ec.europa.eu\/consumers\/odr\/main\/index.cfm?event=main.home2.show&amp;lng=DE\" target=\"_blank\" rel=\"noopener\">https:\/\/ec.europa.eu\/consumers\/odr\/<\/a> bereit.<\/p>\n<p><strong><a href=\"https:\/\/firmen.wko.at\/vino-versum-poysdorf-tourismus\/nieder%c3%b6sterreich\/?firmaid=63e3c775-a63c-4104-bde1-834914141a5e&amp;suchbegriff=vino%20versum\" target=\"_blank\" rel=\"noopener\">Informationspflicht lt. ECG und Mediengesetz auf wko.at<\/a><\/strong><\/p>\n<p><strong><a href=\"https:\/\/www.vinoversum.at\/wp-content\/uploads\/2025\/02\/Reisebedingungen-Vino-Versum-Poysdorf-Tourismus_2025.pdf\" target=\"_blank\" rel=\"noopener\">Reisebedingungen Vino Versum Poysdorf Tourismus<\/a><\/strong><\/p>\n<p><strong>Blattlinie<\/strong><br \/>\nDie Webseite der VINO VERSUM Wein-Erlebnis-Welt ist als offenes Internet-Portal zur F\u00f6rderung und Entwicklung des Tourismus der Weinstadt Poysdorf eingerichtet. Als reine Service- und Informations-Plattform enth\u00e4lt diese Seite auch Links zu Websites von Dritten. F\u00fcr die Inhalte aller Links, die zu Seiten au\u00dferhalb von www.vinoversum.at f\u00fchren, wird keine Haftung \u00fcbernommen und f\u00fcr die dort enthaltenen Informationen ist der jeweilige Dienstanbieter verantwortlich.<\/p>\n<p><strong>Fotonachweise<\/strong><br \/>\nPoysdorf Tourismus, N\u00d6-Werbung, \u00d6WM, Weinstra\u00dfe Weinviertel &#8211; Veltlinerland, Weinviertel Tourismus GmbH., Harald Seymann, Michael Himml, Andreas Leisser, Ferdinand Altmann, Daniel Zupanc, Rudi Wei\u00df, BMMLFUW\/Rita Newman, GR\u00d6, Hans Huysza, Hans Peter Vodicka, Robert Herbst, Fotostudio Semrad, Loizenbauer.<\/p>\n<p>Weitere Fotos von www.bigstockphoto.com<br \/>\nFormat: Bildnummer, Copyright;<\/p>\n<p>149637890, boggy; 96107543, dolgachov; 149728103, kalim; 149728088, kalim; 73983529, Kovaleva Katerina; 140083880, Yastremska; 49256207, Joshua Rainey Photography; 150558173, boggy; 168108782, luckybusiness; 139313918, Kzenon; 150225272, boggy; 135279092, HalfPoint; 167676833, luckybusiness; 167498501, nullplus; 145478348, Creative Family; 173030366, Wavebreak Media Ltd; 129582575, Rido81; 62946856, pressmaster; 62946748, pressmaster; 142966601, Dragon Images; 4136474, monkeybusinessimages; 167469632, iko; 99058568, Gajus; 97694063, Wavebreak Media Ltd; 116672885, Rawpixel.com; 136057190, Goodluz; 291039410, Billion Photos;<\/p>\n<p>Trotz sorgf\u00e4ltiger Bearbeitung k\u00f6nnen wir f\u00fcr die Angaben keine Gew\u00e4hr geben, Satz- und Tippfehler vorbehalten.<\/p>\n<p><strong>Google Analytics<\/strong><br \/>\n&#8220;Diese Website benutzt Google Analytics, einen Webanalysedienst der Google Inc. (\u201eGoogle\u201c) Google Analytics verwendet sog. \u201eCookies\u201c, Textdateien, die auf Ihrem Computer gespeichert werden und die eine Analyse der Benutzung der Website durch Sie erm\u00f6glicht. Die durch den Cookie erzeugten Informationen \u00fcber Ihre Benutzung diese Website (einschlie\u00dflich Ihrer IP-Adresse) wird an einen Server von Google in den USA \u00fcbertragen und dort gespeichert. Google wird diese Informationen benutzen, um Ihre Nutzung der Website auszuwerten, um Reports \u00fcber die Websiteaktivit\u00e4ten f\u00fcr die Websitebetreiber zusammenzustellen und um weitere mit der Websitenutzung und der Internetnutzung verbundene Dienstleistungen zu erbringen. Auch wird Google diese Informationen gegebenenfalls an Dritte \u00fcbertragen, sofern dies gesetzlich vorgeschrieben oder soweit Dritte diese Daten im Auftrag von Google verarbeiten. Google wird in keinem Fall Ihre IP-Adresse mit anderen Daten der Google Inc. in Verbindung bringen. Sie k\u00f6nnen die Installation der Cookies durch eine entsprechende Einstellung Ihrer Browser Software verhindern; wir weisen Sie jedoch darauf hin, dass Sie in diesem Fall gegebenenfalls nicht s\u00e4mtliche Funktionen dieser Website voll umf\u00e4nglich nutzen k\u00f6nnen. Durch die Nutzung dieser Website erkl\u00e4ren Sie sich mit der Bearbeitung der \u00fcber Sie erhobenen Daten durch Google in der zuvor beschriebenen Art und Weise und zu dem zuvor benannten Zweck einverstanden.&#8221;<\/p>\n<p><strong>Konzept und Umsetzung<\/strong><br \/>\nLife Design \u2013 Die Webagentur im Weinviertel<br \/>\nMillenniumsstra\u00dfe 30<br \/>\n2170 Poysdorf<br \/>\nTelefon: <a href=\"tel:0043255220889\" target=\"_blank\" rel=\"noopener\">+43 2552 20889<\/a><br \/>\nE-Mail: <a href=\"mailto:go@lifedesign.at\">go@lifedesign.at<\/a><br \/>\nWebseite: <a href=\"https:\/\/www.lifedesign.at\/\" target=\"_blank\" rel=\"noopener\">www.lifedesign.at<\/a>[\/vc_column_text][\/vc_column][\/vc_row]<\/p>\n<\/div>","protected":false},"excerpt":{"rendered":"<p>[vc_row][vc_column][vc_column_text css=&#8221;.vc_custom_1488813460733{margin-bottom: 20px !important;}&#8221;] F\u00fcr den Inhalt verantwortlich [\/vc_column_text][\/vc_column][\/vc_row][vc_row][vc_column][vc_column_text]Vino Versum Poysdorf Tourismus Weinstadt Poysdorf Weinmarkt &amp; G\u00e4steinformation Josefsplatz 1 2170&#8230;<\/p>\n","protected":false},"author":1,"featured_media":0,"parent":0,"menu_order":0,"comment_status":"closed","ping_status":"closed","template":"","meta":{"footnotes":""},"class_list":["post-12804","page","type-page","status-publish","hentry"],"_links":{"self":[{"href":"https:\/\/www.vinoversum.at\/de\/wp-json\/wp\/v2\/pages\/12804","targetHints":{"allow":["GET"]}}],"collection":[{"href":"https:\/\/www.vinoversum.at\/de\/wp-json\/wp\/v2\/pages"}],"about":[{"href":"https:\/\/www.vinoversum.at\/de\/wp-json\/wp\/v2\/types\/page"}],"author":[{"embeddable":true,"href":"https:\/\/www.vinoversum.at\/de\/wp-json\/wp\/v2\/users\/1"}],"replies":[{"embeddable":true,"href":"https:\/\/www.vinoversum.at\/de\/wp-json\/wp\/v2\/comments?post=12804"}],"version-history":[{"count":16,"href":"https:\/\/www.vinoversum.at\/de\/wp-json\/wp\/v2\/pages\/12804\/revisions"}],"predecessor-version":[{"id":17339,"href":"https:\/\/www.vinoversum.at\/de\/wp-json\/wp\/v2\/pages\/12804\/revisions\/17339"}],"wp:attachment":[{"href":"https:\/\/www.vinoversum.at\/de\/wp-json\/wp\/v2\/media?parent=12804"}],"curies":[{"name":"wp","href":"https:\/\/api.w.org\/{rel}","templated":true}]}}