{"id":11858,"date":"2017-02-24T08:30:07","date_gmt":"2017-02-24T07:30:07","guid":{"rendered":"http:\/\/vinoversum.at.cloud3-vm432.de-nserver.de\/?page_id=11858"},"modified":"2026-03-04T13:56:54","modified_gmt":"2026-03-04T12:56:54","slug":"schulen","status":"publish","type":"page","link":"https:\/\/www.vinoversum.at\/en\/schulen\/","title":{"rendered":"Schools"},"content":{"rendered":"<div class=\"wpb-content-wrapper\"><p><\/p>\n<p>[vc_row][vc_column]<div class=\"preloader\"><\/div> <div class=\"portfolio-preloader-wrapper\"> <div class=\"row\"> <div data-per-page=\"99\" data-portfolio-uid=\"44c0f76\" class=\"portfolio columns-3 no-padding col-lg-12 col-md-12 col-sm-12 hover-default\" data-hover=\"default\" > <div class=\"\"> <div class=\"portfolio-set col-lg-12 col-md-12 col-sm-12 clearfix\"> <div class=\"portfolio-item schulen col-lg-4 col-md-4 col-sm-6 col-xs-6 post-17447 scalia_pf_item type-scalia_pf_item status-publish has-post-thumbnail hentry\" > <a href=\"https:\/\/www.vinoversum.at\/en\/poysdorf\/schulausfluege\/\" target=\"_self\" class=\"wrap clearfix portolio-item-link self-link \"> <div class=\"image post-17447 scalia_pf_item type-scalia_pf_item status-publish has-post-thumbnail hentry\"> <div class=\"image-inner\"> <img loading=\"lazy\" decoding=\"async\" src=\"https:\/\/www.vinoversum.at\/wp-content\/uploads\/2024\/12\/IMG2559-scaled-scalia-portfolio-justified.jpg\" width=\"754\" height=\"500\" alt=\"Schulprogramme TRAUBENERLEBNIS\" \/> <\/div> <\/div> <div class=\"caption post-17447 scalia_pf_item type-scalia_pf_item status-publish has-post-thumbnail hentry\"> <div class=\"title\"> Schulprogramme TRAUBENERLEBNIS <\/div> <div class=\"subtitle\"><p>Spannende Programme, regionale Erlebnisse und einfache Organisation \u2013 im Vino Versum Poysdorf wird der Schulausflug ins Weinviertel zum besonderen Erlebnis.<\/p>\n<\/div> <\/div> <\/a>\n<\/div> <div class=\"portfolio-item erlebnisse-partner schulen col-lg-4 col-md-4 col-sm-6 col-xs-6 post-16001 scalia_pf_item type-scalia_pf_item status-publish has-post-thumbnail hentry\" > <a href=\"https:\/\/www.vinoversum.at\/en\/poysdorf\/weinerlebnisweg\/\" target=\"_self\" class=\"wrap clearfix portolio-item-link self-link \"> <div class=\"image post-16001 scalia_pf_item type-scalia_pf_item status-publish has-post-thumbnail hentry\"> <div class=\"image-inner\"> <img loading=\"lazy\" decoding=\"async\" src=\"https:\/\/www.vinoversum.at\/wp-content\/uploads\/2022\/01\/hotel-neustifter-weingarten-scalia-portfolio-justified.jpg\" width=\"754\" height=\"500\" alt=\"Wine experience trail\" \/> <\/div> <\/div> <div class=\"caption post-16001 scalia_pf_item type-scalia_pf_item status-publish has-post-thumbnail hentry\"> <div class=\"title\"> Wine experience trail <\/div> <div class=\"subtitle\"><p>Discover organic winemaking along the wine experience trail of Weingut Neustifter, stroll through vineyards and cellar lanes, and enjoy Poysdorf at a relaxed walking pace.<\/p>\n<\/div> <\/div> <\/a>\n<\/div> <div class=\"portfolio-item schulen col-lg-4 col-md-4 col-sm-6 col-xs-6 post-17137 scalia_pf_item type-scalia_pf_item status-publish has-post-thumbnail hentry\" > <a href=\"https:\/\/www.vinoversum.at\/en\/poysdorf\/schulprogramme-traube-aktiv\/\" target=\"_self\" class=\"wrap clearfix portolio-item-link self-link \"> <div class=\"image post-17137 scalia_pf_item type-scalia_pf_item status-publish has-post-thumbnail hentry\"> <div class=\"image-inner\"> <img loading=\"lazy\" decoding=\"async\" src=\"https:\/\/www.vinoversum.at\/wp-content\/uploads\/2026\/03\/IMG2594-scaled-scalia-portfolio-justified.jpg\" width=\"754\" height=\"500\" alt=\"Schulprogramme TRAUBE AKTIV\" \/> <\/div> <\/div> <div class=\"caption post-17137 scalia_pf_item type-scalia_pf_item status-publish has-post-thumbnail hentry\"> <div class=\"title\"> Schulprogramme TRAUBE AKTIV <\/div> <div class=\"subtitle\"><p>Eine spielerische Entdeckungsreise in die Welt der Trauben \u2013 mit F\u00fchrung, Bewegung und kreativen Workshops.<\/p>\n<\/div> <\/div> <\/a>\n<\/div> <div class=\"portfolio-item erlebnisse-partner schulen col-lg-4 col-md-4 col-sm-6 col-xs-6 post-16007 scalia_pf_item type-scalia_pf_item status-publish has-post-thumbnail hentry\" > <a href=\"https:\/\/www.vinoversum.at\/en\/poysdorf\/marillenlehrpfad\/\" target=\"_self\" class=\"wrap clearfix portolio-item-link self-link \"> <div class=\"image post-16007 scalia_pf_item type-scalia_pf_item status-publish has-post-thumbnail hentry\"> <div class=\"image-inner\"> <img loading=\"lazy\" decoding=\"async\" src=\"https:\/\/www.vinoversum.at\/wp-content\/uploads\/2022\/01\/Digat-5-scaled-e1642582789477-scalia-portfolio-justified.jpg\" width=\"754\" height=\"500\" alt=\"Apricot-adventure-trail\" \/> <\/div> <\/div> <div class=\"caption post-16007 scalia_pf_item type-scalia_pf_item status-publish has-post-thumbnail hentry\"> <div class=\"title\"> Apricot-adventure-trail <\/div> <div class=\"subtitle\"><p>Discover the sweet world of apricots along the Apricot Trail in Poysdorf, walk through orchards, and experience the Weinviertel at its most fruity.<\/p>\n<\/div> <\/div> <\/a>\n<\/div> <div class=\"portfolio-item schulen col-lg-4 col-md-4 col-sm-6 col-xs-6 post-17138 scalia_pf_item type-scalia_pf_item status-publish has-post-thumbnail hentry\" > <a href=\"https:\/\/www.vinoversum.at\/en\/poysdorf\/schulprogramme-traubenerlebnis\/\" target=\"_self\" class=\"wrap clearfix portolio-item-link self-link \"> <div class=\"image post-17138 scalia_pf_item type-scalia_pf_item status-publish has-post-thumbnail hentry\"> <div class=\"image-inner\"> <img loading=\"lazy\" decoding=\"async\" src=\"https:\/\/www.vinoversum.at\/wp-content\/uploads\/2026\/02\/portfolio_schulprogramme-traubenerlebnis-scalia-portfolio-justified.jpg\" width=\"754\" height=\"500\" alt=\"Schulprogramme TRAUBENERLEBNIS\" \/> <\/div> <\/div> <div class=\"caption post-17138 scalia_pf_item type-scalia_pf_item status-publish has-post-thumbnail hentry\"> <div class=\"title\"> Schulprogramme TRAUBENERLEBNIS <\/div> <div class=\"subtitle\"><p>Die spannende Geschichte der Traube entdecken \u2013 von der Rebe bis ins Fass.<\/p>\n<\/div> <\/div> <\/a>\n<\/div> <div class=\"portfolio-item schulen col-lg-4 col-md-4 col-sm-6 col-xs-6 post-17442 scalia_pf_item type-scalia_pf_item status-publish has-post-thumbnail hentry\" > <a href=\"https:\/\/www.vinoversum.at\/en\/poysdorf\/poysdorfer-schnitzeljagd\/\" target=\"_self\" class=\"wrap clearfix portolio-item-link self-link \"> <div class=\"image post-17442 scalia_pf_item type-scalia_pf_item status-publish has-post-thumbnail hentry\"> <div class=\"image-inner\"> <img loading=\"lazy\" decoding=\"async\" src=\"https:\/\/www.vinoversum.at\/wp-content\/uploads\/2026\/03\/Imagefoto_Schnitzeljagd_Semrad_2023-4-scalia-portfolio-justified.jpg\" width=\"754\" height=\"500\" alt=\"Schulprogramme TRAUBENERLEBNIS\" \/> <\/div> <\/div> <div class=\"caption post-17442 scalia_pf_item type-scalia_pf_item status-publish has-post-thumbnail hentry\"> <div class=\"title\"> Schulprogramme TRAUBENERLEBNIS <\/div> <div class=\"subtitle\"><p>Mit R\u00e4tsel, Rucksack und Teamgeist auf spannender Spurensuche durch Poysdorf.<\/p>\n<\/div> <\/div> <\/a>\n<\/div> <div class=\"portfolio-item schulen col-lg-4 col-md-4 col-sm-6 col-xs-6 post-17444 scalia_pf_item type-scalia_pf_item status-publish has-post-thumbnail hentry\" > <a href=\"https:\/\/www.vinoversum.at\/en\/poysdorf\/schulprogramme-traubenerlebnis-2-2\/\" target=\"_self\" class=\"wrap clearfix portolio-item-link self-link \"> <div class=\"image post-17444 scalia_pf_item type-scalia_pf_item status-publish has-post-thumbnail hentry\"> <div class=\"image-inner\"> <img loading=\"lazy\" decoding=\"async\" src=\"https:\/\/www.vinoversum.at\/wp-content\/uploads\/2024\/12\/IMG2767-scaled-scalia-portfolio-justified.jpg\" width=\"754\" height=\"500\" alt=\"Schulprogramme TRAUBENERLEBNIS\" \/> <\/div> <\/div> <div class=\"caption post-17444 scalia_pf_item type-scalia_pf_item status-publish has-post-thumbnail hentry\"> <div class=\"title\"> Schulprogramme TRAUBENERLEBNIS <\/div> <div class=\"subtitle\"><p>Geschick, Teamgeist und Spa\u00df auf einer historischen Holzkegelbahn.<\/p>\n<\/div> <\/div> <\/a>\n<\/div> <div class=\"portfolio-item schulen col-lg-4 col-md-4 col-sm-6 col-xs-6 post-17448 scalia_pf_item type-scalia_pf_item status-publish has-post-thumbnail hentry\" > <a href=\"https:\/\/www.vinoversum.at\/en\/poysdorf\/kellergassenabenteuer\/\" target=\"_self\" class=\"wrap clearfix portolio-item-link self-link \"> <div class=\"image post-17448 scalia_pf_item type-scalia_pf_item status-publish has-post-thumbnail hentry\"> <div class=\"image-inner\"> <img loading=\"lazy\" decoding=\"async\" src=\"https:\/\/www.vinoversum.at\/wp-content\/uploads\/2017\/02\/DSC_6058-scaled-scalia-portfolio-justified.jpg\" width=\"754\" height=\"500\" alt=\"Schulprogramme TRAUBENERLEBNIS\" \/> <\/div> <\/div> <div class=\"caption post-17448 scalia_pf_item type-scalia_pf_item status-publish has-post-thumbnail hentry\"> <div class=\"title\"> Schulprogramme TRAUBENERLEBNIS <\/div> <div class=\"subtitle\"><p>Gemeinsam in die geheimnisvolle Welt der Kellergassen eintauchen und entdecken, wo fr\u00fcher der Wein entstanden ist.<\/p>\n<\/div> <\/div> <\/a>\n<\/div> <div class=\"portfolio-item schulen col-lg-4 col-md-4 col-sm-6 col-xs-6 post-17449 scalia_pf_item type-scalia_pf_item status-publish has-post-thumbnail hentry\" > <a href=\"https:\/\/www.vinoversum.at\/en\/poysdorf\/trf-schulgruppen\/\" target=\"_self\" class=\"wrap clearfix portolio-item-link self-link \"> <div class=\"image post-17449 scalia_pf_item type-scalia_pf_item status-publish has-post-thumbnail hentry\"> <div class=\"image-inner\"> <img loading=\"lazy\" decoding=\"async\" src=\"https:\/\/www.vinoversum.at\/wp-content\/uploads\/2017\/02\/erlebnistraktor_1-scalia-portfolio-justified.jpg\" width=\"754\" height=\"500\" alt=\"Schulprogramme TRAUBENERLEBNIS\" \/> <\/div> <\/div> <div class=\"caption post-17449 scalia_pf_item type-scalia_pf_item status-publish has-post-thumbnail hentry\"> <div class=\"title\"> Schulprogramme TRAUBENERLEBNIS <\/div> <div class=\"subtitle\"><p>Eine gem\u00fctliche Traktorfahrt durch die Weinstadt Poysdorf \u2013 mit spannenden Geschichten aus dem Weinviertel.<\/p>\n<\/div> <\/div> <\/a>\n<\/div> <div class=\"portfolio-item schulen col-lg-4 col-md-4 col-sm-6 col-xs-6 post-17450 scalia_pf_item type-scalia_pf_item status-publish has-post-thumbnail hentry\" > <a href=\"https:\/\/www.vinoversum.at\/en\/poysdorf\/marillenzauber\/\" target=\"_self\" class=\"wrap clearfix portolio-item-link self-link \"> <div class=\"image post-17450 scalia_pf_item type-scalia_pf_item status-publish has-post-thumbnail hentry\"> <div class=\"image-inner\"> <img loading=\"lazy\" decoding=\"async\" src=\"https:\/\/www.vinoversum.at\/wp-content\/uploads\/2025\/01\/AdobeStock_273059153_smll-scalia-portfolio-justified.jpg\" width=\"754\" height=\"500\" alt=\"Schulprogramme TRAUBENERLEBNIS\" \/> <\/div> <\/div> <div class=\"caption post-17450 scalia_pf_item type-scalia_pf_item status-publish has-post-thumbnail hentry\"> <div class=\"title\"> Schulprogramme TRAUBENERLEBNIS <\/div> <div class=\"subtitle\"><p>Die s\u00fc\u00dfe Welt der Marille entdecken: Bei einer abwechslungsreichen Wanderung erleben Sch\u00fcler:innen Natur, regionale Landwirtschaft und den Weg der Marille vom Baum bis zum Saft.<\/p>\n<\/div> <\/div> <\/a>\n<\/div> <div class=\"portfolio-item schulen col-lg-4 col-md-4 col-sm-6 col-xs-6 post-17451 scalia_pf_item type-scalia_pf_item status-publish has-post-thumbnail hentry\" > <a href=\"https:\/\/www.vinoversum.at\/en\/poysdorf\/schule-am-bauernhof\/\" target=\"_self\" class=\"wrap clearfix portolio-item-link self-link \"> <div class=\"image post-17451 scalia_pf_item type-scalia_pf_item status-publish has-post-thumbnail hentry\"> <div class=\"image-inner\"> <img loading=\"lazy\" decoding=\"async\" src=\"https:\/\/www.vinoversum.at\/wp-content\/uploads\/2026\/03\/Strausse_FamSchwarz-scalia-portfolio-justified.jpg\" width=\"754\" height=\"500\" alt=\"Schulprogramme TRAUBENERLEBNIS\" \/> <\/div> <\/div> <div class=\"caption post-17451 scalia_pf_item type-scalia_pf_item status-publish has-post-thumbnail hentry\"> <div class=\"title\"> Schulprogramme TRAUBENERLEBNIS <\/div> <div class=\"subtitle\"><p>Faszinierende Tiere hautnah erleben: Auf der Strau\u00dfenfarm begegnen Sch\u00fcler:innen den gr\u00f6\u00dften V\u00f6geln der Welt und d\u00fcrfen sogar selbst mithelfen.<\/p>\n<\/div> <\/div> <\/a>\n<\/div> <div class=\"portfolio-item schulen col-lg-4 col-md-4 col-sm-6 col-xs-6 post-17465 scalia_pf_item type-scalia_pf_item status-publish has-post-thumbnail hentry\" > <a href=\"https:\/\/www.vinoversum.at\/en\/poysdorf\/e-bike-abenteuer\/\" target=\"_self\" class=\"wrap clearfix portolio-item-link self-link \"> <div class=\"image post-17465 scalia_pf_item type-scalia_pf_item status-publish has-post-thumbnail hentry\"> <div class=\"image-inner\"> <img loading=\"lazy\" decoding=\"async\" src=\"https:\/\/www.vinoversum.at\/wp-content\/uploads\/2026\/03\/ChatGPT-Image-4.-Maerz-2026-14_25_44-scalia-portfolio-justified.png\" width=\"754\" height=\"500\" alt=\"Schulprogramme TRAUBENERLEBNIS\" \/> <\/div> <\/div> <div class=\"caption post-17465 scalia_pf_item type-scalia_pf_item status-publish has-post-thumbnail hentry\"> <div class=\"title\"> Schulprogramme TRAUBENERLEBNIS <\/div> <div class=\"subtitle\"><p>Aktiv das Weinviertel entdecken: Mit dem E-Bike geht es gemeinsam mit einem Guide durch die Landschaft rund um Poysdorf.<\/p>\n<\/div> <\/div> <\/a>\n<\/div> <div class=\"portfolio-item schulen col-lg-4 col-md-4 col-sm-6 col-xs-6 post-17472 scalia_pf_item type-scalia_pf_item status-publish has-post-thumbnail hentry\" > <a href=\"https:\/\/www.vinoversum.at\/en\/poysdorf\/golf_schnuppern\/\" target=\"_self\" class=\"wrap clearfix portolio-item-link self-link \"> <div class=\"image post-17472 scalia_pf_item type-scalia_pf_item status-publish has-post-thumbnail hentry\"> <div class=\"image-inner\"> <img loading=\"lazy\" decoding=\"async\" src=\"https:\/\/www.vinoversum.at\/wp-content\/uploads\/2026\/03\/ChatGPT-Image-4.-Maerz-2026-14_46_24-scalia-portfolio-justified.png\" width=\"754\" height=\"500\" alt=\"Schulprogramme TRAUBENERLEBNIS\" \/> <\/div> <\/div> <div class=\"caption post-17472 scalia_pf_item type-scalia_pf_item status-publish has-post-thumbnail hentry\"> <div class=\"title\"> Schulprogramme TRAUBENERLEBNIS <\/div> <div class=\"subtitle\"><p>Ein neues Spiel entdecken: Beim Golf-Schnuppertraining probieren Sch\u00fcler:innen ihre ersten Abschl\u00e4ge und erleben Golf auf spielerische Weise.<\/p>\n<\/div> <\/div> <\/a>\n<\/div> <div class=\"portfolio-item schulen col-lg-4 col-md-4 col-sm-6 col-xs-6 post-17475 scalia_pf_item type-scalia_pf_item status-publish has-post-thumbnail hentry\" > <a href=\"https:\/\/www.vinoversum.at\/en\/poysdorf\/nachtwanderung\/\" target=\"_self\" class=\"wrap clearfix portolio-item-link self-link \"> <div class=\"image post-17475 scalia_pf_item type-scalia_pf_item status-publish has-post-thumbnail hentry\"> <div class=\"image-inner\"> <img loading=\"lazy\" decoding=\"async\" src=\"https:\/\/www.vinoversum.at\/wp-content\/uploads\/2026\/03\/ChatGPT-Image-4.-Maerz-2026-15_54_30-scalia-portfolio-justified.png\" width=\"754\" height=\"500\" alt=\"Schulprogramme TRAUBENERLEBNIS\" \/> <\/div> <\/div> <div class=\"caption post-17475 scalia_pf_item type-scalia_pf_item status-publish has-post-thumbnail hentry\"> <div class=\"title\"> Schulprogramme TRAUBENERLEBNIS <\/div> <div class=\"subtitle\"><p>Wenn die D\u00e4mmerung \u00fcber Poysdorf hereinbricht, beginnt ein besonderes Abenteuer: Mit Laternen durch die geheimnisvolle Kellergassenlandschaft wandern und den Abend am Lagerfeuer ausklingen lassen.<\/p>\n<\/div> <\/div> <\/a>\n<\/div> <div class=\"portfolio-item schulen col-lg-4 col-md-4 col-sm-6 col-xs-6 post-17478 scalia_pf_item type-scalia_pf_item status-publish has-post-thumbnail hentry\" > <a href=\"https:\/\/www.vinoversum.at\/en\/poysdorf\/zeitreise\/\" target=\"_self\" class=\"wrap clearfix portolio-item-link self-link \"> <div class=\"image post-17478 scalia_pf_item type-scalia_pf_item status-publish has-post-thumbnail hentry\"> <div class=\"image-inner\"> <img loading=\"lazy\" decoding=\"async\" src=\"https:\/\/www.vinoversum.at\/wp-content\/uploads\/2026\/03\/IMG2689-scaled-scalia-portfolio-justified.jpg\" width=\"754\" height=\"500\" alt=\"Schulprogramme TRAUBENERLEBNIS\" \/> <\/div> <\/div> <div class=\"caption post-17478 scalia_pf_item type-scalia_pf_item status-publish has-post-thumbnail hentry\"> <div class=\"title\"> Schulprogramme TRAUBENERLEBNIS <\/div> <div class=\"subtitle\"><p>Eine spannende Zeitreise durch Millionen Jahre Geschichte \u2013 vom tropischen Urmeer \u00fcber die Dinosaurier bis zum heutigen Weinviertel.<\/p>\n<\/div> <\/div> <\/a>\n<\/div> <div class=\"portfolio-item schulen col-lg-4 col-md-4 col-sm-6 col-xs-6 post-17493 scalia_pf_item type-scalia_pf_item status-publish has-post-thumbnail hentry\" > <a href=\"https:\/\/www.vinoversum.at\/en\/poysdorf\/sagenhafte_wanderung\/\" target=\"_self\" class=\"wrap clearfix portolio-item-link self-link \"> <div class=\"image post-17493 scalia_pf_item type-scalia_pf_item status-publish has-post-thumbnail hentry\"> <div class=\"image-inner\"> <img loading=\"lazy\" decoding=\"async\" src=\"https:\/\/www.vinoversum.at\/wp-content\/uploads\/2026\/03\/ChatGPT-Image-4.-Maerz-2026-16_26_11-scalia-portfolio-justified.png\" width=\"754\" height=\"500\" alt=\"Schulprogramme TRAUBENERLEBNIS\" \/> <\/div> <\/div> <div class=\"caption post-17493 scalia_pf_item type-scalia_pf_item status-publish has-post-thumbnail hentry\"> <div class=\"title\"> Schulprogramme TRAUBENERLEBNIS <\/div> <div class=\"subtitle\"><p>Auf den Spuren alter Sagen durch Poysdorf wandern und den Mut f\u00fcr einen Besuch in der geheimnisvollen Krypta beweisen.<\/p>\n<\/div> <\/div> <\/a>\n<\/div> <div class=\"portfolio-item schulen col-lg-4 col-md-4 col-sm-6 col-xs-6 post-17139 scalia_pf_item type-scalia_pf_item status-publish has-post-thumbnail hentry\" > <a href=\"https:\/\/www.vinoversum.at\/en\/poysdorf\/geburtstagsparty\/\" target=\"_self\" class=\"wrap clearfix portolio-item-link self-link \"> <div class=\"image post-17139 scalia_pf_item type-scalia_pf_item status-publish has-post-thumbnail hentry\"> <div class=\"image-inner\"> <img loading=\"lazy\" decoding=\"async\" src=\"https:\/\/www.vinoversum.at\/wp-content\/uploads\/2026\/03\/IMG2657-scaled-scalia-portfolio-justified.jpg\" width=\"754\" height=\"500\" alt=\"Geburtstagsparty &#038; Co.\" \/> <\/div> <\/div> <div class=\"caption post-17139 scalia_pf_item type-scalia_pf_item status-publish has-post-thumbnail hentry\"> <div class=\"title\"> Geburtstagsparty &#038; Co. <\/div> <div class=\"subtitle\"><p>Ein Kindergeburtstag voller Abenteuer, Kreativit\u00e4t und Spa\u00df \u2013 im Vino Versum Poysdorf wird der besondere Tag zu einem unvergesslichen Erlebnis f\u00fcr kleine Entdecker:innen.<\/p>\n<\/div> <\/div> <\/a>\n<\/div> <div class=\"portfolio-item erlebnisse schulen col-lg-4 col-md-4 col-sm-6 col-xs-6 post-16849 scalia_pf_item type-scalia_pf_item status-publish has-post-thumbnail hentry\" > <a href=\"https:\/\/www.vinoversum.at\/en\/poysdorf\/discgolf\/\" target=\"_self\" class=\"wrap clearfix portolio-item-link self-link \"> <div class=\"image post-16849 scalia_pf_item type-scalia_pf_item status-publish has-post-thumbnail hentry\"> <div class=\"image-inner\"> <img loading=\"lazy\" decoding=\"async\" src=\"https:\/\/www.vinoversum.at\/wp-content\/uploads\/2025\/07\/Foto-Discgolf-scaled-scalia-portfolio-justified.jpg\" width=\"754\" height=\"500\" alt=\"Disc Golf\" \/> <\/div> <\/div> <div class=\"caption post-16849 scalia_pf_item type-scalia_pf_item status-publish has-post-thumbnail hentry\"> <div class=\"title\"> Disc Golf <\/div> <div class=\"subtitle\"><p>Take a disc and get started \u2013 disc golf in Poysdorf combines sporting challenge with the Weinviertel landscape and active outdoor fun in nature.<\/p>\n<\/div> <\/div> <\/a>\n<\/div> <\/div> <div class=\"portfolio-navigator sc-pagination\"> <\/div> <\/div> <\/div> <\/div> <\/div>[\/vc_column][\/vc_row]<\/p>\n<p><\/p>\n<\/div>","protected":false},"excerpt":{"rendered":"<p>[vc_row][vc_column][\/vc_column][\/vc_row]<\/p>\n","protected":false},"author":1,"featured_media":0,"parent":0,"menu_order":0,"comment_status":"closed","ping_status":"closed","template":"","meta":{"footnotes":""},"class_list":["post-11858","page","type-page","status-publish","hentry"],"_links":{"self":[{"href":"https:\/\/www.vinoversum.at\/en\/wp-json\/wp\/v2\/pages\/11858","targetHints":{"allow":["GET"]}}],"collection":[{"href":"https:\/\/www.vinoversum.at\/en\/wp-json\/wp\/v2\/pages"}],"about":[{"href":"https:\/\/www.vinoversum.at\/en\/wp-json\/wp\/v2\/types\/page"}],"author":[{"embeddable":true,"href":"https:\/\/www.vinoversum.at\/en\/wp-json\/wp\/v2\/users\/1"}],"replies":[{"embeddable":true,"href":"https:\/\/www.vinoversum.at\/en\/wp-json\/wp\/v2\/comments?post=11858"}],"version-history":[{"count":13,"href":"https:\/\/www.vinoversum.at\/en\/wp-json\/wp\/v2\/pages\/11858\/revisions"}],"predecessor-version":[{"id":17455,"href":"https:\/\/www.vinoversum.at\/en\/wp-json\/wp\/v2\/pages\/11858\/revisions\/17455"}],"wp:attachment":[{"href":"https:\/\/www.vinoversum.at\/en\/wp-json\/wp\/v2\/media?parent=11858"}],"curies":[{"name":"wp","href":"https:\/\/api.w.org\/{rel}","templated":true}]}}