{"id":12674,"date":"2017-03-03T14:01:01","date_gmt":"2017-03-03T13:01:01","guid":{"rendered":"http:\/\/vinoversum.at.cloud3-vm432.de-nserver.de\/?page_id=12674"},"modified":"2026-02-17T16:47:37","modified_gmt":"2026-02-17T15:47:37","slug":"newsletter","status":"publish","type":"page","link":"https:\/\/www.vinoversum.at\/en\/newsletter\/","title":{"rendered":"Poysdorf Photo Competition"},"content":{"rendered":"<div class=\"wpb-content-wrapper\"><p><\/p>\n<p>[vc_row][vc_column][vc_column_text css=&#8221;.vc_custom_1488546053125{margin-bottom: 20px !important;}&#8221;]<\/p>\n<h3>Mit unserem Newsletter immer Top informiert<\/h3>\n<p>[\/vc_column_text][\/vc_column][\/vc_row][vc_row][vc_column][vc_column_text]\n<div class=\"wpcf7 no-js\" id=\"wpcf7-f12678-o2\" lang=\"de-DE\" dir=\"ltr\" data-wpcf7-id=\"12678\">\n<div class=\"screen-reader-response\"><p role=\"status\" aria-live=\"polite\" aria-atomic=\"true\"><\/p> <ul><\/ul><\/div>\n<form action=\"\/en\/wp-json\/wp\/v2\/pages\/12674#wpcf7-f12678-o2\" method=\"post\" class=\"wpcf7-form init\" aria-label=\"Kontaktformular\" novalidate=\"novalidate\" data-status=\"init\">\n<fieldset class=\"hidden-fields-container\"><input type=\"hidden\" name=\"_wpcf7\" value=\"12678\" \/><input type=\"hidden\" name=\"_wpcf7_version\" value=\"6.1.5\" \/><input type=\"hidden\" name=\"_wpcf7_locale\" value=\"de_DE\" \/><input type=\"hidden\" name=\"_wpcf7_unit_tag\" value=\"wpcf7-f12678-o2\" \/><input type=\"hidden\" name=\"_wpcf7_container_post\" value=\"0\" \/><input type=\"hidden\" name=\"_wpcf7_posted_data_hash\" value=\"\" \/>\n<\/fieldset>\n<div class=\"vc_row\">\n\t<div class=\"vc_col-sm-6\">\n\t\t<p><span class=\"wpcf7-form-control-wrap\" data-name=\"mc4wp-MMERGE6\"><select class=\"wpcf7-form-control wpcf7-select\" aria-invalid=\"false\" name=\"mc4wp-MMERGE6\"><option value=\"Herr\">Herr<\/option><option value=\"Frau\">Frau<\/option><option value=\"Firma\">Firma<\/option><option value=\"Familie\">Familie<\/option><\/select><\/span>\n\t\t<\/p>\n\t<\/div>\n\t<div class=\"vc_col-sm-6\">\n\t\t<p><span class=\"wpcf7-form-control-wrap\" data-name=\"mc4wp-LNAME\"><input size=\"40\" maxlength=\"400\" class=\"wpcf7-form-control wpcf7-text wpcf7-validates-as-required\" aria-required=\"true\" aria-invalid=\"false\" placeholder=\"Ihr Nachname *\" value=\"\" type=\"text\" name=\"mc4wp-LNAME\" \/><\/span>\n\t\t<\/p>\n\t<\/div>\n<\/div>\n<div class=\"vc_row\">\n\t<div class=\"vc_col-sm-6\">\n\t\t<p><span class=\"wpcf7-form-control-wrap\" data-name=\"mc4wp-FNAME\"><input size=\"40\" maxlength=\"400\" class=\"wpcf7-form-control wpcf7-text wpcf7-validates-as-required\" aria-required=\"true\" aria-invalid=\"false\" placeholder=\"Ihr Vorname *\" value=\"\" type=\"text\" name=\"mc4wp-FNAME\" \/><\/span>\n\t\t<\/p>\n\t<\/div>\n\t<div class=\"vc_col-sm-6\">\n\t\t<p><span class=\"wpcf7-form-control-wrap\" data-name=\"mc4wp-EMAIL\"><input size=\"40\" maxlength=\"400\" class=\"wpcf7-form-control wpcf7-email wpcf7-validates-as-required wpcf7-text wpcf7-validates-as-email\" aria-required=\"true\" aria-invalid=\"false\" placeholder=\"Ihre Email-Adresse *\" value=\"\" type=\"email\" name=\"mc4wp-EMAIL\" \/><\/span>\n\t\t<\/p>\n\t<\/div>\n<\/div>\n<div class=\"vc_row\">\n\t<div class=\"vc_col-sm-12\">\n\t\t<p><span class=\"wpcf7-form-control-wrap\" data-name=\"newsletter\"><span class=\"wpcf7-form-control wpcf7-checkbox wpcf7-validates-as-required\"><span class=\"wpcf7-list-item first last\"><label><input type=\"checkbox\" name=\"newsletter[]\" value=\"Ja, ich m\u00f6chte den kostenlosen Newsletter erhalten.\" \/><span class=\"wpcf7-list-item-label\">Ja, ich m\u00f6chte den kostenlosen Newsletter erhalten.<\/span><\/label><\/span><\/span><\/span><sup>1<\/sup><input type=\"hidden\" name=\"mc4wp-subscribe\" value=\"1\" \/>\n\t\t<\/p>\n\t<\/div>\n\t<div class=\"col-md-12\">\n\t\t<p><span class=\"wpcf7-form-control-wrap\" data-name=\"datenschutz\"><span class=\"wpcf7-form-control wpcf7-acceptance\"><span class=\"wpcf7-list-item\"><label><input type=\"checkbox\" name=\"datenschutz\" value=\"1\" aria-invalid=\"false\" \/><span class=\"wpcf7-list-item-label\">Ich stimme der <a href=\"\/datenschutz\/\"> &nbsp Datenschutzverordnung &nbsp <\/a> zu.<\/span><\/label><\/span><\/span><\/span>\n\t\t<\/p>\n\t<\/div>\n\t<div class=\"col-md-12\">\n\t<div class=\"wpcf7-turnstile cf-turnstile\" data-sitekey=\"0x4AAAAAAAOb716ITmn8SbFT\" data-response-field-name=\"_wpcf7_turnstile_response\" data-theme=\"light\"><\/div>\n\t<\/div>\n\t<div class=\"col-md-12\">\n\t\t<p><input class=\"wpcf7-form-control wpcf7-submit has-spinner\" type=\"submit\" value=\"F\u00fcr den Newsletter anmelden\" \/>\n\t\t<\/p>\n\t<\/div>\n<\/div>\n<input type='hidden' class='wpcf7-pum' value='{\"closepopup\":false,\"closedelay\":0,\"openpopup\":false,\"openpopup_id\":0}' \/><div class=\"wpcf7-response-output\" aria-hidden=\"true\"><\/div>\n<\/form>\n<\/div>\n[\/vc_column_text][vc_column_text]<\/p>\n<div style=\"font-size:0.8em;\">\n<p>Mit * gekennzeichnete Felder sind Pflichtfelder.<\/p>\n<p><sup>1<\/sup> Info zum Datenschutz:<\/p>\n<p>Wir werden die Informationen, die Sie angeben, dazu verwenden, um mit Ihnen in Kontakt zu bleiben und Ihnen Neuigkeiten und Marketing-Informationen zu \u00fcbermitteln. Sie k\u00f6nnen jederzeit auf den Abbestellungs-Link klicken, den Sie in der Fu\u00dfzeile jeder E-Mail, die Sie von uns erhalten, finden k\u00f6nnen. Weiters k\u00f6nnen Sie uns jederzeit Ihre Abmeldung per Email formlos senden. Unsere Datenschutzrichtlinien finden Sie <a href=\"https:\/\/www.vinoversum.at\/datenschutz\/\">hier<\/a>.<\/p>\n<p>Wir verwenden MailChimp als unsere Plattform zur Marketing-Automatisierung. Indem Sie auf den Button klicken, best\u00e4tigen Sie, dass die von Ihnen angegebenen Informationen auch an MailChimp zur Verarbeitung in \u00dcbereinstimmung mit deren <a href=\"https:\/\/mailchimp.com\/legal\/privacy\/\" target=\"_blank\" rel=\"noopener\">Datenschutzrichtlinien<\/a> und <a href=\"https:\/\/mailchimp.com\/legal\/terms\/\" target=\"_blank\" rel=\"noopener\">Bedingungen<\/a> weitergegeben werden.<\/p>\n<p>Der kostenlose Newsletter kann jederzeit wieder abbestellt werden.\n<\/p><\/div>\n<p>[\/vc_column_text][\/vc_column][\/vc_row]<\/p>\n<p><\/p>\n<\/div>","protected":false},"excerpt":{"rendered":"<p>[vc_row][vc_column][vc_column_text css=&#8221;.vc_custom_1488546053125{margin-bottom: 20px !important;}&#8221;] Mit unserem Newsletter immer Top informiert [\/vc_column_text][\/vc_column][\/vc_row][vc_row][vc_column][vc_column_text][\/vc_column_text][vc_column_text] Mit * gekennzeichnete Felder sind Pflichtfelder. 1 Info zum&#8230;<\/p>\n","protected":false},"author":1,"featured_media":0,"parent":0,"menu_order":0,"comment_status":"closed","ping_status":"closed","template":"","meta":{"footnotes":""},"class_list":["post-12674","page","type-page","status-publish","hentry"],"_links":{"self":[{"href":"https:\/\/www.vinoversum.at\/en\/wp-json\/wp\/v2\/pages\/12674","targetHints":{"allow":["GET"]}}],"collection":[{"href":"https:\/\/www.vinoversum.at\/en\/wp-json\/wp\/v2\/pages"}],"about":[{"href":"https:\/\/www.vinoversum.at\/en\/wp-json\/wp\/v2\/types\/page"}],"author":[{"embeddable":true,"href":"https:\/\/www.vinoversum.at\/en\/wp-json\/wp\/v2\/users\/1"}],"replies":[{"embeddable":true,"href":"https:\/\/www.vinoversum.at\/en\/wp-json\/wp\/v2\/comments?post=12674"}],"version-history":[{"count":11,"href":"https:\/\/www.vinoversum.at\/en\/wp-json\/wp\/v2\/pages\/12674\/revisions"}],"predecessor-version":[{"id":17327,"href":"https:\/\/www.vinoversum.at\/en\/wp-json\/wp\/v2\/pages\/12674\/revisions\/17327"}],"wp:attachment":[{"href":"https:\/\/www.vinoversum.at\/en\/wp-json\/wp\/v2\/media?parent=12674"}],"curies":[{"name":"wp","href":"https:\/\/api.w.org\/{rel}","templated":true}]}}