{"id":17351,"date":"2026-02-20T13:46:15","date_gmt":"2026-02-20T12:46:15","guid":{"rendered":"https:\/\/p-nrlqy4.project.space\/?page_id=17351"},"modified":"2026-02-20T13:48:03","modified_gmt":"2026-02-20T12:48:03","slug":"nachhaltigkeit","status":"publish","type":"page","link":"https:\/\/www.vinoversum.at\/en\/nachhaltigkeit\/","title":{"rendered":"Nachhaltigkeit"},"content":{"rendered":"<div class=\"wpb-content-wrapper\"><p>[vc_row css=&#8221;.vc_custom_1485433309212{margin-bottom: 40px !important;}&#8221;][vc_column][vc_column_text css=&#8221;.vc_custom_1688547803227{margin-bottom: 20px !important;}&#8221;]<\/p>\n<h3>Nachhaltigkeit im Vino Versum<\/h3>\n<p>[\/vc_column_text][vc_tta_tabs style=&#8221;scalia-style-1&#8243; active_section=&#8221;1&#8243; no_fill_content_area=&#8221;true&#8221;][vc_tta_section title=&#8221;Beschreibung&#8221; tab_id=&#8221;schlumberger-sektwelt-1&#8243;][vc_row_inner][vc_column_inner width=&#8221;1\/2&#8243;][vc_column_text css=&#8221;.vc_custom_1751375463850{margin-bottom: 0px !important;}&#8221;]Das Vino Versum besch\u00e4ftigt sich eingehend mit dem Thema Nachhaltigkeit. Schritt f\u00fcr Schritt werden einzelne Ma\u00dfnahmen umgesetzt.<br \/>\nBereits umgesetzte Projekte:<\/p>\n<ul>\n<li>Bl\u00fchwiesen f\u00fcr Bienen und andere Insekten<\/li>\n<li>Wildbienenhotel<\/li>\n<li>Obstb\u00e4ume und -str\u00e4ucher im Freigel\u00e4nde<\/li>\n<li>Bienenweg<\/li>\n<li>Fahrradst\u00e4nder<\/li>\n<li>Trinkbrunnen<\/li>\n<li>Reduktion der Beleuchtungsdauer des Museums<\/li>\n<li>Schrittweise Umstellung auf LED-Beleuchtung<\/li>\n<li>Recyclingsystem von Druckerpatronen<\/li>\n<li>Beauftragung regionaler Druckereien<\/li>\n<\/ul>\n<p>Den detaillierten Nachhaltigkeitsbericht 2025 finden Sie <a href=\"https:\/\/www.vinoversum.at\/wp-content\/uploads\/2025\/07\/Vino-Versum_NH-Konzept_2025.pdf\">hier<\/a>.[\/vc_column_text][\/vc_column_inner][vc_column_inner width=&#8221;1\/2&#8243;][vc_single_image image=&#8221;15637&#8243; img_size=&#8221;full&#8221; style=&#8221;vc_box_rounded&#8221; onclick=&#8221;link_image&#8221; css=&#8221;.vc_custom_1688566850231{margin-bottom: 0px !important;}&#8221;][\/vc_column_inner][\/vc_row_inner][\/vc_tta_section][\/vc_tta_tabs][\/vc_column][\/vc_row]<\/p>\n<\/div>","protected":false},"excerpt":{"rendered":"<p>[vc_row css=&#8221;.vc_custom_1485433309212{margin-bottom: 40px !important;}&#8221;][vc_column][vc_column_text css=&#8221;.vc_custom_1688547803227{margin-bottom: 20px !important;}&#8221;] Nachhaltigkeit im Vino Versum [\/vc_column_text][vc_tta_tabs style=&#8221;scalia-style-1&#8243; active_section=&#8221;1&#8243; no_fill_content_area=&#8221;true&#8221;][vc_tta_section title=&#8221;Beschreibung&#8221; tab_id=&#8221;schlumberger-sektwelt-1&#8243;][vc_row_inner][vc_column_inner width=&#8221;1\/2&#8243;][vc_column_text css=&#8221;.vc_custom_1751375463850{margin-bottom: 0px&#8230;<\/p>\n","protected":false},"author":1,"featured_media":0,"parent":0,"menu_order":0,"comment_status":"closed","ping_status":"closed","template":"","meta":{"footnotes":""},"class_list":["post-17351","page","type-page","status-publish","hentry"],"_links":{"self":[{"href":"https:\/\/www.vinoversum.at\/en\/wp-json\/wp\/v2\/pages\/17351","targetHints":{"allow":["GET"]}}],"collection":[{"href":"https:\/\/www.vinoversum.at\/en\/wp-json\/wp\/v2\/pages"}],"about":[{"href":"https:\/\/www.vinoversum.at\/en\/wp-json\/wp\/v2\/types\/page"}],"author":[{"embeddable":true,"href":"https:\/\/www.vinoversum.at\/en\/wp-json\/wp\/v2\/users\/1"}],"replies":[{"embeddable":true,"href":"https:\/\/www.vinoversum.at\/en\/wp-json\/wp\/v2\/comments?post=17351"}],"version-history":[{"count":2,"href":"https:\/\/www.vinoversum.at\/en\/wp-json\/wp\/v2\/pages\/17351\/revisions"}],"predecessor-version":[{"id":17353,"href":"https:\/\/www.vinoversum.at\/en\/wp-json\/wp\/v2\/pages\/17351\/revisions\/17353"}],"wp:attachment":[{"href":"https:\/\/www.vinoversum.at\/en\/wp-json\/wp\/v2\/media?parent=17351"}],"curies":[{"name":"wp","href":"https:\/\/api.w.org\/{rel}","templated":true}]}}